{"id":1686,"date":"2024-11-12T03:12:28","date_gmt":"2024-11-12T00:12:28","guid":{"rendered":"https:\/\/pulapark.firstsites.com.br\/?page_id=1686"},"modified":"2024-11-14T17:06:14","modified_gmt":"2024-11-14T20:06:14","slug":"agendamento","status":"publish","type":"page","link":"https:\/\/pulapark.com.br\/bangu\/","title":{"rendered":"Agendamento"},"content":{"rendered":"\t\t<div data-elementor-type=\"wp-page\" data-elementor-id=\"1686\" class=\"elementor elementor-1686\" data-elementor-post-type=\"page\">\n\t\t\t\t<div class=\"elementor-element elementor-element-a47f6b1 e-flex e-con-boxed e-con e-parent\" data-id=\"a47f6b1\" data-element_type=\"container\" data-e-type=\"container\">\n\t\t\t\t\t<div class=\"e-con-inner\">\n\t\t\t\t<div class=\"elementor-element elementor-element-64a9ff6 elementor-widget elementor-widget-image\" data-id=\"64a9ff6\" data-element_type=\"widget\" data-e-type=\"widget\" data-widget_type=\"image.default\">\n\t\t\t\t<div class=\"elementor-widget-container\">\n\t\t\t\t\t\t\t\t\t\t\t\t\t\t\t<img decoding=\"async\" width=\"164\" height=\"80\" src=\"https:\/\/pulapark.com.br\/bangu\/wp-content\/uploads\/2024\/11\/icones.png\" class=\"attachment-large size-large wp-image-62\" alt=\"\" \/>\t\t\t\t\t\t\t\t\t\t\t\t\t\t\t<\/div>\n\t\t\t\t<\/div>\n\t\t\t\t<div class=\"elementor-element elementor-element-f55d75f elementor-widget elementor-widget-heading\" data-id=\"f55d75f\" data-element_type=\"widget\" data-e-type=\"widget\" data-widget_type=\"heading.default\">\n\t\t\t\t<div class=\"elementor-widget-container\">\n\t\t\t\t\t<h2 class=\"elementor-heading-title elementor-size-default\"><b>Agendamento<\/b><\/h2>\t\t\t\t<\/div>\n\t\t\t\t<\/div>\n\t\t\t\t<div class=\"elementor-element elementor-element-cc9ce58 elementor-widget elementor-widget-jet-form-builder-form\" data-id=\"cc9ce58\" data-element_type=\"widget\" data-e-type=\"widget\" data-widget_type=\"jet-form-builder-form.default\">\n\t\t\t\t<div class=\"elementor-widget-container\">\n\t\t\t\t\t<link rel='stylesheet' id='wp-block-library-css' href='https:\/\/pulapark.com.br\/bangu\/wp-includes\/css\/dist\/block-library\/style.min.css?ver=6.9.4' media='all' \/>\n<style id=\"jet-form-builder-42-inline-css\"><\/style><form  class=\"jet-form-builder layout-column submit-type-reload\" action=\"https:\/\/pulapark.com.br\/bangu\/wp-json\/wp\/v2\/pages\/1686\/?N6sD3C=0UXSwB3ss3&amp;method=reload\" method=\"POST\" data-form-id=\"42\" data-layout=\"column\" enctype=\"multipart\/form-data\" novalidate=\"null\" ssr_validation_method=\"rest\"><input type=\"hidden\" id=\"_wpnonce\" name=\"_wpnonce\" value=\"b0b50eea67\" \/><input type=\"hidden\" name=\"_wp_http_referer\" value=\"\/bangu\/wp-json\/wp\/v2\/pages\/1686\" \/>\r\n<input type=\"hidden\" name=\"_jfb_current_render_states[]\" value=\"DEFAULT.STATE\" data-jfb-sync \/><input type=\"hidden\" class=\"jet-form-builder__field hidden-field\" name=\"_jet_engine_booking_form_id\" data-field-name=\"_jet_engine_booking_form_id\" value=\"42\">\n<input type=\"hidden\" class=\"jet-form-builder__field hidden-field\" name=\"_jet_engine_refer\" data-field-name=\"_jet_engine_refer\" value=\"https:\/\/pulapark.com.br\/bangu\/wp-json\/wp\/v2\/pages\/1686\/\">\n<input type=\"hidden\" class=\"jet-form-builder__field hidden-field\" name=\"__queried_post_id\" data-field-name=\"__queried_post_id\" value=\"1686\">\n<div  class=\"jet-form-builder-row field-type-text-field\" >\n<div class=\"jet-form-builder__label\">\r\n<div class=\"jet-form-builder__label-text\">Nome <span class=\"jet-form-builder__required\">*<\/span><\/div><\/div><div class=\"jet-form-builder__field-wrap\">\n\t\t\t\t<input placeholder=\"Digite seu nome\" required=\"required\" name=\"_campo_nome\" id=\"_campo_nome\" type=\"text\" data-field-name=\"_campo_nome\" class=\"jet-form-builder__field text-field\" data-jfb-sync=\"null\" autocomplete=\"off_FxJuht68\">\n\t\t\t\t\t<\/div>\n<\/div>\n\n<div  class=\"jet-form-builder-row field-type-text-field\" >\n<div class=\"jet-form-builder__label\">\r\n<div class=\"jet-form-builder__label-text\">E-mail <span class=\"jet-form-builder__required\">*<\/span><\/div><\/div><div class=\"jet-form-builder__field-wrap\">\n\t\t\t\t<input placeholder=\"Digite seu e-mail\" required=\"required\" name=\"_campo_email\" id=\"_campo_email\" type=\"email\" data-field-name=\"_campo_email\" class=\"jet-form-builder__field text-field\" data-jfb-sync=\"null\" autocomplete=\"off_F9XEJ6rc\">\n\t\t\t\t\t<\/div>\n<\/div>\n\n<div  class=\"jet-form-builder-row field-type-text-field\" >\n<div class=\"jet-form-builder__label\">\r\n<div class=\"jet-form-builder__label-text\">Whatsapp <span class=\"jet-form-builder__required\">*<\/span><\/div><\/div><div class=\"jet-form-builder__field-wrap\">\n\t\t\t\t<input placeholder=\"Digite seu Whatsapp\" required=\"required\" name=\"_campo_whatsapp\" id=\"_campo_whatsapp\" type=\"tel\" data-field-name=\"_campo_whatsapp\" class=\"jet-form-builder__field text-field jet-form-builder__masked-field\" data-jfb-sync=\"null\" autocomplete=\"off_Zc4Nj6bV\" data-inputmask=\"&#039;mask&#039;: &#039;(99) 99999-9999&#039;\" data-inputmask-placeholder=\"_\" data-inputmask-showmaskonhover=\"false\">\n\t\t\t\t\t<\/div>\n<\/div>\n\n<div  class=\"jet-form-builder-row field-type-select-field wp-block-jet-forms-select-field\">\n<div class=\"jet-form-builder__label\">\r\n<div class=\"jet-form-builder__label-text\">Selecione o ingresso<\/div><\/div><div class=\"jet-form-builder__field-wrap\">\n\t<select class=\"jet-form-builder__field select-field\" name=\"_campo_ingressos\" data-field-name=\"_campo_ingressos\" id=\"_campo_ingressos\" data-jfb-sync=\"null\">\n\t\t<option value=\"3005\" >Unit\u00e1rio\/Feriado<\/option><option value=\"52\" >Plano Fam\u00edlia \/ Feriado<\/option><option value=\"51\" >Plano Fam\u00edlia \/  Semana<\/option><option value=\"2769\" >Unit\u00e1rio \/ Semana<\/option><option value=\"50\" >Unit\u00e1rio \/ Sexta<\/option><option value=\"49\" >Unit\u00e1rio \/ Fim de Semana<\/option><option value=\"48\" >Plano Fam\u00edlia \/ Fim de Semana<\/option><option value=\"47\" >Plano Fam\u00edlia \/ Sexta<\/option>\t<\/select>\n<\/div>\n<\/div>\n\n<div  class=\"jet-form-builder-row field-type-select-field wp-block-jet-forms-select-field\">\n<div class=\"jet-form-builder__label\">\r\n<div class=\"jet-form-builder__label-text\">Quantos ingressos voc\u00ea precisa? <span class=\"jet-form-builder__required\">*<\/span><\/div><\/div><div class=\"jet-form-builder__field-wrap\">\n\t<select class=\"jet-form-builder__field select-field\" required=\"required\" name=\"_quantidade_campo_ingressos\" data-field-name=\"_quantidade_campo_ingressos\" id=\"_quantidade_campo_ingressos\" data-jfb-sync=\"null\">\n\t\t<option value=\"1\"  data-calculate=\"1\">1<\/option><option value=\"2\"  data-calculate=\"2\">2<\/option><option value=\"3\"  data-calculate=\"3\">3<\/option><option value=\"4\"  data-calculate=\"4\">4<\/option><option value=\"5\"  data-calculate=\"5\">5<\/option><option value=\"6\"  data-calculate=\"6\">6<\/option><option value=\"7\"  data-calculate=\"7\">7<\/option><option value=\"8\"  data-calculate=\"8\">8<\/option><option value=\"9\"  data-calculate=\"9\">9<\/option><option value=\"10\"  data-calculate=\"10\">10<\/option><option value=\"11\"  data-calculate=\"11\">11<\/option><option value=\"12\"  data-calculate=\"12\">12<\/option><option value=\"13\"  data-calculate=\"13\">13<\/option><option value=\"14\"  data-calculate=\"14\">14<\/option><option value=\"15\"  data-calculate=\"15\">15<\/option><option value=\"16\"  data-calculate=\"16\">16<\/option><option value=\"17\"  data-calculate=\"17\">17<\/option><option value=\"18\"  data-calculate=\"18\">18<\/option><option value=\"19\"  data-calculate=\"19\">19<\/option><option value=\"20\"  data-calculate=\"20\">20<\/option>\t<\/select>\n<\/div>\n<\/div>\n\n<div  class=\"jet-form-builder-row field-type-date-field\" >\n<div class=\"jet-form-builder__label\">\r\n<div class=\"jet-form-builder__label-text\">Data de Nascimento<\/div><\/div><input class=\"jet-form-builder__field date-field\" name=\"_data_de_nascimento\" type=\"date\" data-field-name=\"_data_de_nascimento\" id=\"_data_de_nascimento\" data-jfb-sync=\"null\">\n<\/div>\n\n<div  class=\"jet-form-builder-row field-type-appointment-date\" >\n<div class=\"jet-apb-calendar-wrapper\">\n\t<div class=\"appointment-calendar jet-apb-calendar\" data-args=\"{&quot;booking_type&quot;:&quot;slot&quot;,&quot;excludedDates&quot;:[{&quot;start&quot;:1777507200,&quot;end&quot;:1777507200,&quot;service&quot;:50,&quot;is_full&quot;:true},{&quot;start&quot;:1777507200,&quot;end&quot;:1777507200,&quot;service&quot;:49,&quot;is_full&quot;:true},{&quot;start&quot;:1777507200,&quot;end&quot;:1777507200,&quot;service&quot;:48,&quot;is_full&quot;:true},{&quot;start&quot;:1777507200,&quot;end&quot;:1777507200,&quot;service&quot;:47,&quot;is_full&quot;:true},{&quot;start&quot;:1777075200,&quot;end&quot;:1777075200,&quot;service&quot;:2751,&quot;is_full&quot;:true},{&quot;start&quot;:1777075200,&quot;end&quot;:1777075200,&quot;service&quot;:2836,&quot;is_full&quot;:true},{&quot;start&quot;:1777075200,&quot;end&quot;:1777075200,&quot;service&quot;:2835,&quot;is_full&quot;:true},{&quot;start&quot;:1777075200,&quot;end&quot;:1777075200,&quot;service&quot;:2834,&quot;is_full&quot;:true},{&quot;start&quot;:1777075200,&quot;end&quot;:1777075200,&quot;service&quot;:2833,&quot;is_full&quot;:true},{&quot;start&quot;:1777075200,&quot;end&quot;:1777075200,&quot;service&quot;:2832,&quot;is_full&quot;:true},{&quot;start&quot;:1777075200,&quot;end&quot;:1777075200,&quot;service&quot;:2753,&quot;is_full&quot;:true},{&quot;start&quot;:1777075200,&quot;end&quot;:1777075200,&quot;service&quot;:2752,&quot;is_full&quot;:true},{&quot;start&quot;:1777075200,&quot;end&quot;:1777075200,&quot;service&quot;:51,&quot;is_full&quot;:true},{&quot;start&quot;:1777075200,&quot;end&quot;:1777075200,&quot;service&quot;:2769,&quot;is_full&quot;:true},{&quot;start&quot;:1777075200,&quot;end&quot;:1777075200,&quot;service&quot;:50,&quot;is_full&quot;:true},{&quot;start&quot;:1777075200,&quot;end&quot;:1777075200,&quot;service&quot;:47,&quot;is_full&quot;:true},{&quot;start&quot;:1777161600,&quot;end&quot;:1777161600,&quot;service&quot;:2751,&quot;is_full&quot;:true},{&quot;start&quot;:1777161600,&quot;end&quot;:1777161600,&quot;service&quot;:2836,&quot;is_full&quot;:true},{&quot;start&quot;:1777161600,&quot;end&quot;:1777161600,&quot;service&quot;:2835,&quot;is_full&quot;:true},{&quot;start&quot;:1777161600,&quot;end&quot;:1777161600,&quot;service&quot;:2834,&quot;is_full&quot;:true},{&quot;start&quot;:1777161600,&quot;end&quot;:1777161600,&quot;service&quot;:2833,&quot;is_full&quot;:true},{&quot;start&quot;:1777161600,&quot;end&quot;:1777161600,&quot;service&quot;:2832,&quot;is_full&quot;:true},{&quot;start&quot;:1777161600,&quot;end&quot;:1777161600,&quot;service&quot;:2753,&quot;is_full&quot;:true},{&quot;start&quot;:1777161600,&quot;end&quot;:1777161600,&quot;service&quot;:2752,&quot;is_full&quot;:true},{&quot;start&quot;:1777161600,&quot;end&quot;:1777161600,&quot;service&quot;:51,&quot;is_full&quot;:true},{&quot;start&quot;:1777161600,&quot;end&quot;:1777161600,&quot;service&quot;:2769,&quot;is_full&quot;:true},{&quot;start&quot;:1777161600,&quot;end&quot;:1777161600,&quot;service&quot;:50,&quot;is_full&quot;:true},{&quot;start&quot;:1777161600,&quot;end&quot;:1777161600,&quot;service&quot;:47,&quot;is_full&quot;:true},{&quot;start&quot;:1777420800,&quot;end&quot;:1777420800,&quot;service&quot;:50,&quot;is_full&quot;:true},{&quot;start&quot;:1777420800,&quot;end&quot;:1777420800,&quot;service&quot;:49,&quot;is_full&quot;:true},{&quot;start&quot;:1777420800,&quot;end&quot;:1777420800,&quot;service&quot;:48,&quot;is_full&quot;:true},{&quot;start&quot;:1777420800,&quot;end&quot;:1777420800,&quot;service&quot;:47,&quot;is_full&quot;:true}],&quot;datesMode&quot;:&quot;override_full&quot;,&quot;worksDates&quot;:[],&quot;datesRange&quot;:{&quot;start&quot;:0,&quot;end&quot;:0},&quot;availableWeekDays&quot;:[&quot;monday&quot;,&quot;tuesday&quot;,&quot;wednesday&quot;,&quot;thursday&quot;,&quot;friday&quot;],&quot;service&quot;:{&quot;field&quot;:&quot;_campo_ingressos&quot;},&quot;providerIsset&quot;:false,&quot;provider&quot;:false,&quot;inputName&quot;:&quot;campo_data_agendamento&quot;,&quot;isRequired&quot;:true,&quot;allowedServices&quot;:false,&quot;slotAutoCheck&quot;:false}\"><\/div>\n\n\t\t<div class=\"jet-apb-calendar-appointments-list-wrapper\" style=\"display: none\">\n\t\t<div class=\"jet-form-builder__heading\">\n\t\t\t<span class=\"jet-form-builder__label-text\">Appointment details:<\/span>\n\t\t<\/div>\n\t\t<div class=\"jet-apb-calendar-appointments-list\"><\/div>\n\t<\/div>\n\t<div class=\"jet-apb-calendar-notification\" style=\"display: none\">\n\t\t<div class=\"jet-apb-calendar-notification-service\">Please, select the service first.<\/div>\n\t\t<div class=\"jet-apb-calendar-notification-provider\">Please, select the provider first.<\/div>\n\t\t<div class=\"jet-apb-calendar-notification-service-field\">Please set service field for current calendar<\/div>\n\t\t<div class=\"jet-apb-calendar-notification-max-slots\">Sorry. You have the max number of appointments.<\/div>\n\t<\/div>\n<\/div>\n<\/div>\n\n\n<div  class=\"jet-form-builder-row field-type-calculated-field\" >\n<div data-formula=\"%campo_data_agendamento%*%_quantidade_campo_ingressos%\" data-name=\"campo_valor_final\" data-precision=\"2\" data-sep-decimal=\".\" data-value-type=\"number\" data-date-format=\"YYYY-MM-DD\" class=\"jet-form-builder__calculated-field\">\n\t\t\t\t<div class=\"jet-form-builder__calculated-field-prefix\">Valor total: R$ <\/div>\n\t\t<input type=\"hidden\"\n\t\t\tname=\"campo_valor_final\"\n\t\t\tid=\"campo_valor_final\"\n\t\t\tvalue=\"\"\n\t\t\tclass=\"jet-form-builder__calculated-field-input jet-form-builder__field\"\n\t\t\tdata-field-name=\"campo_valor_final\"\n\t\t\tdata-jfb-sync\n\t\/>\n\t<div class=\"jet-form-builder__calculated-field-val\">0.00<\/div>\n\t\t<\/div>\n<\/div>\n\n\n<div  class=\"jet-form-builder-row field-type-submit-field\" >\n\t<div data-type=\"submit\" class=\"jet-form-builder__action-button-wrapper jet-form-builder__submit-wrap\">\n\t<button class=\"jet-form-builder__action-button jet-form-builder__submit submit-type-reload\" type=\"submit\">Agendar agora<\/button>\n\t<\/div>\n\t\n<\/div>\n\n\n<p><\/p>\n\t<div class=\"jet-form-builder-messages-wrap\" data-form-id=\"42\"><\/div>\n<\/form>\n\t\t\t\t<\/div>\n\t\t\t\t<\/div>\n\t\t\t\t<div class=\"elementor-element elementor-element-a631355 elementor-widget elementor-widget-html\" data-id=\"a631355\" data-element_type=\"widget\" data-e-type=\"widget\" data-widget_type=\"html.default\">\n\t\t\t\t<div class=\"elementor-widget-container\">\n\t\t\t\t\t<script>\r\n    document.addEventListener('DOMContentLoaded', function () {\r\n        const serviceField = document.getElementById('_campo_ingressos');\r\n        const ingressosField = document.getElementById('_quantidade_campo_ingressos');\r\n        const valorTotalField = document.getElementById('campo_valor_final');\r\n        const form = serviceField.closest('form'); \/\/ Assumindo que este \u00e9 o formul\u00e1rio\r\n\r\n        function resetValorTotal() {\r\n            if (valorTotalField) {\r\n                valorTotalField.value = ''; \/\/ Reseta o valor total\r\n            }\r\n        }\r\n\r\n        function updateValorTotal() {\r\n            const quantidade = parseInt(ingressosField.value) || 0;\r\n            const valorPorIngresso = 30; \/\/ Este valor \u00e9 um exemplo, substitua pelo valor real\r\n\r\n            if (valorTotalField && quantidade > 0) {\r\n                valorTotalField.value = `R$${(quantidade * valorPorIngresso).toFixed(2)}`;\r\n            }\r\n        }\r\n\r\n        function adjustIngressos() {\r\n            const selectedPlan = serviceField.options[serviceField.selectedIndex].text.toLowerCase();\r\n\r\n            const isFamilyPlan = selectedPlan.includes('fam\u00edlia');\r\n            const isExtraPlan = selectedPlan.includes('extra');\r\n\r\n            \/\/ Limpa o campo de quantidade de ingressos e redefine o valor total\r\n            ingressosField.innerHTML = '';\r\n            resetValorTotal(); \/\/ Reseta o valor total sempre que o plano \u00e9 alterado\r\n\r\n            \/\/ Adiciona a op\u00e7\u00e3o \"Selecione a quantia de ingressos\" como uma label (n\u00e3o uma op\u00e7\u00e3o v\u00e1lida)\r\n            const labelOption = document.createElement('option');\r\n            labelOption.value = \"\";\r\n            labelOption.text = 'Selecione a quantia de ingressos';\r\n            labelOption.disabled = true;\r\n            labelOption.selected = true;\r\n            ingressosField.appendChild(labelOption);\r\n\r\n            if (isExtraPlan) {\r\n                \/\/ Se o plano for \"extra\", define apenas a op\u00e7\u00e3o de 3 ingressos\r\n                const option = document.createElement('option');\r\n                option.value = 3;\r\n                option.text = 3;\r\n                ingressosField.appendChild(option);\r\n            } else {\r\n                \/\/ Para planos \"fam\u00edlia\", permite escolher entre 4 e 20 ingressos\r\n                \/\/ Para outros planos, permite escolher entre 1 e 20 ingressos\r\n                const minIngressos = isFamilyPlan ? 4 : 1;\r\n                for (let i = minIngressos; i <= 20; i++) {\r\n                    const option = document.createElement('option');\r\n                    option.value = i;\r\n                    option.text = i;\r\n                    ingressosField.appendChild(option);\r\n                }\r\n            }\r\n\r\n            updateValorTotal(); \/\/ Atualiza o valor total automaticamente com a quantidade definida\r\n        }\r\n\r\n        \/\/ Configura\u00e7\u00e3o inicial\r\n        adjustIngressos();\r\n\r\n        \/\/ Listeners\r\n        serviceField.addEventListener('change', adjustIngressos);\r\n        ingressosField.addEventListener('change', updateValorTotal); \/\/ Atualiza o valor ao mudar quantidade\r\n    });\r\n<\/script>\r\n\r\n\r\n\t\t\t\t<\/div>\n\t\t\t\t<\/div>\n\t\t\t\t<div class=\"elementor-element elementor-element-5d72bfc elementor-widget elementor-widget-html\" data-id=\"5d72bfc\" data-element_type=\"widget\" data-e-type=\"widget\" data-widget_type=\"html.default\">\n\t\t\t\t<div class=\"elementor-widget-container\">\n\t\t\t\t\t<script>\r\n    document.addEventListener(\"DOMContentLoaded\", function() {\r\n        const form = document.querySelector(\"form\"); \/\/ Seleciona o primeiro formul\u00e1rio na p\u00e1gina\r\n        if (form) {\r\n            form.setAttribute(\"autocomplete\", \"off\"); \/\/ Desativa autocomplete no formul\u00e1rio\r\n        }\r\n    });\r\n<\/script>\r\n\t\t\t\t<\/div>\n\t\t\t\t<\/div>\n\t\t\t\t\t<\/div>\n\t\t\t\t<\/div>\n\t\t\t\t<\/div>\n\t\t","protected":false},"excerpt":{"rendered":"<p>Agendamento Nome * E-mail * Whatsapp * Selecione o ingresso Promo Extra Black &#8211; Leve 4, Pague 3Flash PromoBlack FridayPlano Fam\u00edlia \/ FeriadoPlano Fam\u00edlia \/ SemanaUnit\u00e1rio \/ SextaUnit\u00e1rio \/ Fim de SemanaPlano Fam\u00edlia \/ Fim de SemanaPlano Fam\u00edlia \/ Sexta Quantos ingressos voc\u00ea precisa? * 1234567891011121314151617181920 Data de Nascimento Appointment details: Please, select the service [&hellip;]<\/p>\n","protected":false},"author":1,"featured_media":0,"parent":0,"menu_order":2,"comment_status":"closed","ping_status":"closed","template":"elementor_canvas","meta":{"footnotes":""},"class_list":["post-1686","page","type-page","status-publish","hentry"],"_links":{"self":[{"href":"https:\/\/pulapark.com.br\/bangu\/wp-json\/wp\/v2\/pages\/1686","targetHints":{"allow":["GET"]}}],"collection":[{"href":"https:\/\/pulapark.com.br\/bangu\/wp-json\/wp\/v2\/pages"}],"about":[{"href":"https:\/\/pulapark.com.br\/bangu\/wp-json\/wp\/v2\/types\/page"}],"author":[{"embeddable":true,"href":"https:\/\/pulapark.com.br\/bangu\/wp-json\/wp\/v2\/users\/1"}],"replies":[{"embeddable":true,"href":"https:\/\/pulapark.com.br\/bangu\/wp-json\/wp\/v2\/comments?post=1686"}],"version-history":[{"count":5,"href":"https:\/\/pulapark.com.br\/bangu\/wp-json\/wp\/v2\/pages\/1686\/revisions"}],"predecessor-version":[{"id":2759,"href":"https:\/\/pulapark.com.br\/bangu\/wp-json\/wp\/v2\/pages\/1686\/revisions\/2759"}],"wp:attachment":[{"href":"https:\/\/pulapark.com.br\/bangu\/wp-json\/wp\/v2\/media?parent=1686"}],"curies":[{"name":"wp","href":"https:\/\/api.w.org\/{rel}","templated":true}]}}